{"id":643,"date":"2019-01-09T13:17:17","date_gmt":"2019-01-09T12:17:17","guid":{"rendered":"http:\/\/www.bildung.pl\/?page_id=643"},"modified":"2026-02-02T21:06:42","modified_gmt":"2026-02-02T20:06:42","slug":"zarzad","status":"publish","type":"page","link":"https:\/\/www.bildung.pl\/de\/o-nas\/zarzad\/","title":{"rendered":"Vorstand"},"content":{"rendered":"<p>Waldemar Gielzok \u2013 Vorsitzender | prezes<\/p>\n<p>Danuta Cholewa\u2013 Vizevorsitzende | zast\u0119pca prezesa<\/p>\n<p>Sebastian Gerstenberg \u2013 Vizevorsitzender | zast\u0119pca prezesa<\/p>\n<p>Agnieszka Ka\u0142a\u00a0\u2013 Sekret\u00e4r | sekretarz<\/p>\n<p>&nbsp;<\/p>\n<p>KOMISJA REWIZYJNA: Maria Neumann, Joanna Hassa, Rafa\u0142 Noco\u0144<\/p>","protected":false},"excerpt":{"rendered":"<p>Waldemar Gielzok \u2013 Vorsitzender | prezes Danuta Cholewa\u2013 Vizevorsitzende | zast\u0119pca prezesa Sebastian Gerstenberg \u2013 Vizevorsitzender | zast\u0119pca prezesa Agnieszka Ka\u0142a\u00a0\u2013 Sekret\u00e4r | sekretarz &nbsp; KOMISJA REWIZYJNA: Maria Neumann, Joanna Hassa, Rafa\u0142 Noco\u0144<\/p>\n","protected":false},"author":1,"featured_media":0,"parent":639,"menu_order":0,"comment_status":"closed","ping_status":"closed","template":"","meta":{"_expiration-date-status":"","_expiration-date":0,"_expiration-date-type":"","_expiration-date-categories":[],"_expiration-date-options":[]},"_links":{"self":[{"href":"https:\/\/www.bildung.pl\/de\/wp-json\/wp\/v2\/pages\/643"}],"collection":[{"href":"https:\/\/www.bildung.pl\/de\/wp-json\/wp\/v2\/pages"}],"about":[{"href":"https:\/\/www.bildung.pl\/de\/wp-json\/wp\/v2\/types\/page"}],"author":[{"embeddable":true,"href":"https:\/\/www.bildung.pl\/de\/wp-json\/wp\/v2\/users\/1"}],"replies":[{"embeddable":true,"href":"https:\/\/www.bildung.pl\/de\/wp-json\/wp\/v2\/comments?post=643"}],"version-history":[{"count":8,"href":"https:\/\/www.bildung.pl\/de\/wp-json\/wp\/v2\/pages\/643\/revisions"}],"predecessor-version":[{"id":3136,"href":"https:\/\/www.bildung.pl\/de\/wp-json\/wp\/v2\/pages\/643\/revisions\/3136"}],"up":[{"embeddable":true,"href":"https:\/\/www.bildung.pl\/de\/wp-json\/wp\/v2\/pages\/639"}],"wp:attachment":[{"href":"https:\/\/www.bildung.pl\/de\/wp-json\/wp\/v2\/media?parent=643"}],"curies":[{"name":"wp","href":"https:\/\/api.w.org\/{rel}","templated":true}]}}