{"id":1905,"date":"2021-03-20T18:26:44","date_gmt":"2021-03-20T17:26:44","guid":{"rendered":"http:\/\/www.bildung.pl\/?page_id=1905"},"modified":"2026-03-15T12:56:21","modified_gmt":"2026-03-15T11:56:21","slug":"czlonkowie","status":"publish","type":"page","link":"https:\/\/www.bildung.pl\/de\/o-nas\/czlonkowie\/","title":{"rendered":"Mitglieder"},"content":{"rendered":"<p><\/p>\n<p data-start=\"56\" data-end=\"124\"><strong data-start=\"56\" data-end=\"115\">Werden Sie Mitglied der Deutschen Bildungsgesellschaft!<\/strong><\/p>\n<p data-start=\"126\" data-end=\"420\">M\u00f6chten Sie Bildung, die deutsche Sprache sowie die Aktivit\u00e4ten zugunsten der deutschen Minderheit in Polen unterst\u00fctzen? Dann treten Sie der <strong data-start=\"268\" data-end=\"302\">Deutschen Bildungsgesellschaft<\/strong> bei und werden Sie Teil einer engagierten Gemeinschaft, die sich f\u00fcr die Entwicklung von Bildung und Kultur einsetzt.<\/p>\n<p data-start=\"422\" data-end=\"663\">Der j\u00e4hrliche Mitgliedsbeitrag betr\u00e4gt nur <strong data-start=\"465\" data-end=\"475\">25 PLN<\/strong> \u2013 ein kleiner Beitrag mit gro\u00dfer Wirkung!<br data-start=\"517\" data-end=\"520\" \/>Gemeinsam k\u00f6nnen wir wertvolle Projekte umsetzen, Lehrkr\u00e4fte, Kinder und Jugendliche unterst\u00fctzen und die Bildung in deutscher Sprache f\u00f6rdern.<\/p>\n<p data-start=\"665\" data-end=\"732\" data-is-last-node=\"\" data-is-only-node=\"\"><strong data-start=\"665\" data-end=\"732\" data-is-last-node=\"\">Machen Sie mit und gestalten Sie gemeinsam mit uns die Zukunft!<\/strong><\/p>\n<p>Mitgliedsantrag herunterladen: <a href=\"http:\/\/www.bildung.pl\/wp-content\/uploads\/2026\/03\/BEITRITTSERKLAERUNG.docx\">DEKLARACJA CZ\u0141ONKOWSTWA \/ BEITRITTSERKL\u00c4RUNG<\/a> schicke uns den Mitgliedsantrag an dbg@bildung.pl<\/p>\n<p>Bezahlen Sie den Mitgliedsbeitrag auf das Konto: 59 1050 1504 1000 0022 6719 3106<\/p>","protected":false},"excerpt":{"rendered":"<p>Werden Sie Mitglied der Deutschen Bildungsgesellschaft! M\u00f6chten Sie Bildung, die deutsche Sprache sowie die Aktivit\u00e4ten zugunsten der deutschen Minderheit in Polen unterst\u00fctzen? Dann treten Sie der Deutschen Bildungsgesellschaft bei und werden Sie Teil einer engagierten Gemeinschaft, die sich f\u00fcr die Entwicklung von Bildung und Kultur einsetzt. Der j\u00e4hrliche Mitgliedsbeitrag betr\u00e4gt nur 25 PLN \u2013 ein [&hellip;]<\/p>\n","protected":false},"author":1,"featured_media":0,"parent":639,"menu_order":0,"comment_status":"closed","ping_status":"closed","template":"","meta":{"_expiration-date-status":"","_expiration-date":0,"_expiration-date-type":"","_expiration-date-categories":[],"_expiration-date-options":[]},"_links":{"self":[{"href":"https:\/\/www.bildung.pl\/de\/wp-json\/wp\/v2\/pages\/1905"}],"collection":[{"href":"https:\/\/www.bildung.pl\/de\/wp-json\/wp\/v2\/pages"}],"about":[{"href":"https:\/\/www.bildung.pl\/de\/wp-json\/wp\/v2\/types\/page"}],"author":[{"embeddable":true,"href":"https:\/\/www.bildung.pl\/de\/wp-json\/wp\/v2\/users\/1"}],"replies":[{"embeddable":true,"href":"https:\/\/www.bildung.pl\/de\/wp-json\/wp\/v2\/comments?post=1905"}],"version-history":[{"count":5,"href":"https:\/\/www.bildung.pl\/de\/wp-json\/wp\/v2\/pages\/1905\/revisions"}],"predecessor-version":[{"id":3170,"href":"https:\/\/www.bildung.pl\/de\/wp-json\/wp\/v2\/pages\/1905\/revisions\/3170"}],"up":[{"embeddable":true,"href":"https:\/\/www.bildung.pl\/de\/wp-json\/wp\/v2\/pages\/639"}],"wp:attachment":[{"href":"https:\/\/www.bildung.pl\/de\/wp-json\/wp\/v2\/media?parent=1905"}],"curies":[{"name":"wp","href":"https:\/\/api.w.org\/{rel}","templated":true}]}}