{"id":1831,"date":"2021-02-22T09:40:00","date_gmt":"2021-02-22T08:40:00","guid":{"rendered":"http:\/\/www.bildung.pl\/?page_id=1831"},"modified":"2026-02-02T21:02:51","modified_gmt":"2026-02-02T20:02:51","slug":"komiks","status":"publish","type":"page","link":"https:\/\/www.bildung.pl\/de\/komiks\/","title":{"rendered":"Comics"},"content":{"rendered":"<p><strong>Unsere dreiteilige Comic-Reihe \u201eAufbruch in die Zukunft. Schlesische Lebenswege\u201c steht hier auf Deutsch und Polnisch zum Download zur Verf\u00fcgung!<\/strong><\/p>\n<p><img loading=\"lazy\" class=\"alignnone size-large wp-image-1924\" src=\"http:\/\/www.bildung.pl\/wp-content\/uploads\/2021\/03\/Cover-fuer-Website-Comics2-1024x614.jpg\" alt=\"\" width=\"800\" height=\"480\" srcset=\"https:\/\/www.bildung.pl\/wp-content\/uploads\/2021\/03\/Cover-fuer-Website-Comics2-1024x614.jpg 1024w, https:\/\/www.bildung.pl\/wp-content\/uploads\/2021\/03\/Cover-fuer-Website-Comics2-300x180.jpg 300w, https:\/\/www.bildung.pl\/wp-content\/uploads\/2021\/03\/Cover-fuer-Website-Comics2-1536x922.jpg 1536w, https:\/\/www.bildung.pl\/wp-content\/uploads\/2021\/03\/Cover-fuer-Website-Comics2-2048x1229.jpg 2048w, https:\/\/www.bildung.pl\/wp-content\/uploads\/2021\/03\/Cover-fuer-Website-Comics2-1500x900.jpg 1500w, https:\/\/www.bildung.pl\/wp-content\/uploads\/2021\/03\/Cover-fuer-Website-Comics2-1000x600.jpg 1000w, https:\/\/www.bildung.pl\/wp-content\/uploads\/2021\/03\/Cover-fuer-Website-Comics2-800x480.jpg 800w, https:\/\/www.bildung.pl\/wp-content\/uploads\/2021\/03\/Cover-fuer-Website-Comics2-600x360.jpg 600w, https:\/\/www.bildung.pl\/wp-content\/uploads\/2021\/03\/Cover-fuer-Website-Comics2-400x240.jpg 400w\" sizes=\"(max-width: 800px) 100vw, 800px\" \/><\/p>\n<p>In den illustrierten Geschichten werden die spannenden und komplexen Lebenswege schlesischer \u201ePionierinnen\u201c und \u201ePioniere\u201c dargestellt und f\u00fcr den Deutschunterricht mit Aufgaben erg\u00e4nzt. Drei Comics stehen zur Verf\u00fcgung:<\/p>\n<ul>\n<li><strong>Von Breslau zum Mond<\/strong><br \/>\nAuf Polnisch: Z Wroc\u0142awia na ksi\u0119\u017cyc<\/li>\n<li><strong>Frau Doktor, bitte! &#8211; die Geschichte von Clara Immerwahr<\/strong><br \/>\nAuf Polnisch: Pani Doktor, prosz\u0119! &#8211; historia Clary Immerwahr<\/li>\n<li><strong>Grenzg\u00e4nger zwischen den Welten \u2013 Emin Pascha<\/strong><br \/>\nAufPolnisch: Podr\u00f3\u017cnik mi\u0119dzy \u015bwiatami \u2013 Emin Pascha<\/li>\n<\/ul>\n<p>\u201eAufbruch in die Zukunft. Schlesische Lebenswege\u201c ist ein Kooperationsprojekt der Deutschen Bildungsgesellschaft, der Deutschen Sozial-Kulturellen Gesellschaft in Breslau und des Goethe-Instituts Krakau.<\/p>\n<p>Das Projekt wird mit finanziellen Mitteln des Ausw\u00e4rtigen Amtes der Bundesrepublik Deutschland durch das Institut f\u00fcr Auslandsbeziehungen (ifa) sowie das Goethe-Institut Krakau realisiert.<\/p>\n<p><strong>Ansicht der Comics auf Deutsch (issuu):<\/strong><\/p>\n<p><a href=\"https:\/\/issuu.com\/dskg-breslau-ntks\/docs\/comic_von_breslau_zum_mond\">Von Breslau zum Mond<\/a><\/p>\n<p><a href=\"https:\/\/issuu.com\/dskg-breslau-ntks\/docs\/comic_frau_doktor__bitte____die_geschichte_von_cla\">Frau Doktor, bitte! \u2013 die Geschichte von Clara Immerwahr<\/a><\/p>\n<p><a href=\"https:\/\/issuu.com\/dskg-breslau-ntks\/docs\/comic_grenzg_nger_zwischen_den_welten___emin_pasch\">Emin Pascha \u2013 Grenzg\u00e4nger zwischen den Welten<\/a><\/p>\n<p><strong>Download der deutschsprachigen Comics:<\/strong><\/p>\n<p><a href=\"http:\/\/www.bildung.pl\/wp-content\/uploads\/2021\/03\/Comic_Von-Breslau-zum-Mond.pdf\">Von Breslau zum Mond<\/a><\/p>\n<p><a href=\"http:\/\/www.bildung.pl\/wp-content\/uploads\/2021\/03\/Comic_Frau-Doktor-bitte-\u2013-die-Geschichte-von-Clara-Immerwahr.pdf\">Frau Doktor, bitte! \u2013 die Geschichte von Clara Immerwahr<\/a><\/p>\n<p><a href=\"http:\/\/www.bildung.pl\/wp-content\/uploads\/2021\/03\/Comic_Grenzgaenger-zwischen-den-Welten-\u2013-Emin-Pascha.pdf\">Grenzg\u00e4nger zwischen den Welten \u2013 Emin Pascha<\/a><\/p>\n<p><strong>Download der polnischsprachigen Comics:<\/strong><\/p>\n<p><a href=\"http:\/\/www.bildung.pl\/wp-content\/uploads\/2021\/03\/Komiks_Z-Wroclawia-na-Ksiezyc.pdf\">Z Wroc\u0142awia na Ksi\u0119\u017cyc<\/a><\/p>\n<p><a href=\"http:\/\/www.bildung.pl\/wp-content\/uploads\/2021\/03\/Komiks_Podroznik-miedzy-swiatami-\u2013-Emin-Pascha.pdf\">Podr\u00f3\u017cnik mi\u0119dzy \u015bwiatami \u2013 Emin Pascha<\/a><\/p>\n<p><a href=\"http:\/\/www.bildung.pl\/wp-content\/uploads\/2021\/03\/Komiks_Pani-doktor-prosze-\u2013-historia-Clary-Immerwahr.pdf\">Pani doktor, prosz\u0119! \u2013 historia Clary Immerwahr<\/a><\/p>\n<p><strong>Dow<\/strong><strong>nload der L\u00f6sungen zu den Comic-Aufgaben:<\/strong><\/p>\n<p><a href=\"http:\/\/www.bildung.pl\/wp-content\/uploads\/2021\/03\/Loesungen-zu-den-Aufgaben_Von-Breslau-zum-Mond.pdf\">L\u00f6sungen zu den Aufgaben &#8211; Von Breslau zum Mond<\/a><\/p>\n<p><a href=\"http:\/\/www.bildung.pl\/wp-content\/uploads\/2021\/03\/Loesungen-zu-den-Aufgaben_-Frau-Doktor-bitte.pdf\">L\u00f6sungen zu den Aufgaben &#8211; Frau Doktor, bitte!<\/a><\/p>\n<p><a href=\"http:\/\/www.bildung.pl\/wp-content\/uploads\/2021\/03\/Loesungen-zu-den-Aufgaben_Emin-Pascha.pdf\">L\u00f6sungen zu den Aufgaben &#8211; Emin Pascha<\/a><\/p>","protected":false},"excerpt":{"rendered":"<p>Unsere dreiteilige Comic-Reihe \u201eAufbruch in die Zukunft. Schlesische Lebenswege\u201c steht hier auf Deutsch und Polnisch zum Download zur Verf\u00fcgung! In den illustrierten Geschichten werden die spannenden und komplexen Lebenswege schlesischer \u201ePionierinnen\u201c und \u201ePioniere\u201c dargestellt und f\u00fcr den Deutschunterricht mit Aufgaben erg\u00e4nzt. Drei Comics stehen zur Verf\u00fcgung: Von Breslau zum Mond Auf Polnisch: Z Wroc\u0142awia na [&hellip;]<\/p>\n","protected":false},"author":2,"featured_media":0,"parent":0,"menu_order":0,"comment_status":"closed","ping_status":"closed","template":"","meta":{"_expiration-date-status":"","_expiration-date":0,"_expiration-date-type":"","_expiration-date-categories":[],"_expiration-date-options":[]},"_links":{"self":[{"href":"https:\/\/www.bildung.pl\/de\/wp-json\/wp\/v2\/pages\/1831"}],"collection":[{"href":"https:\/\/www.bildung.pl\/de\/wp-json\/wp\/v2\/pages"}],"about":[{"href":"https:\/\/www.bildung.pl\/de\/wp-json\/wp\/v2\/types\/page"}],"author":[{"embeddable":true,"href":"https:\/\/www.bildung.pl\/de\/wp-json\/wp\/v2\/users\/2"}],"replies":[{"embeddable":true,"href":"https:\/\/www.bildung.pl\/de\/wp-json\/wp\/v2\/comments?post=1831"}],"version-history":[{"count":19,"href":"https:\/\/www.bildung.pl\/de\/wp-json\/wp\/v2\/pages\/1831\/revisions"}],"predecessor-version":[{"id":3134,"href":"https:\/\/www.bildung.pl\/de\/wp-json\/wp\/v2\/pages\/1831\/revisions\/3134"}],"wp:attachment":[{"href":"https:\/\/www.bildung.pl\/de\/wp-json\/wp\/v2\/media?parent=1831"}],"curies":[{"name":"wp","href":"https:\/\/api.w.org\/{rel}","templated":true}]}}