{"id":651,"date":"2019-01-09T13:19:00","date_gmt":"2019-01-09T12:19:00","guid":{"rendered":"http:\/\/www.bildung.pl\/?page_id=651"},"modified":"2026-03-15T14:48:14","modified_gmt":"2026-03-15T13:48:14","slug":"przydatne-akty-prawne","status":"publish","type":"page","link":"http:\/\/www.bildung.pl\/de\/oswiata\/przydatne-akty-prawne\/","title":{"rendered":"Rechtliche Grundlagen"},"content":{"rendered":"<p><\/p>\n<h3 style=\"text-align: center;\"><strong>Nationale und internationale Rechtsakte<\/strong><\/h3>\n<ol>\n<li>Auszug aus dem Vertrag zwischen der Bundesrepublik Deutschland und der Republik Polen \u00fcber gute Nachbarschaft und freundschaftliche Zusammenarbeit vom 17. Juni 1991 bez\u00fcglich des Schulwesens.<\/li>\n<\/ol>\n<p><strong><u><a href=\"http:\/\/www.bildung.pl\/wp-content\/uploads\/2019\/04\/wycig-z-trakatatu-pl-de-1991.pdf\">Download [pdf]<\/a><\/u><\/strong><\/p>\n<ol start=\"2\">\n<li>Europ\u00e4ische Charta der Regional- oder Minderheitensprachen vom 5. November 1992<\/li>\n<\/ol>\n<p><strong><u><a href=\"http:\/\/www.bildung.pl\/wp-content\/uploads\/2019\/04\/Europejska_Karta_Jezykow_Regionalnych_lub_Mniejszosciowych.pdf\">Download [pdf]<\/a><\/u><\/strong><\/p>\n<ol start=\"3\">\n<li>Rahmen\u00fcbereinkommen zum Schutz nationaler Minderheiten vom 1. Januar 1995<\/li>\n<\/ol>\n<p><strong><u><a href=\"http:\/\/www.bildung.pl\/wp-content\/uploads\/2019\/04\/konwencja-ramowa.pdf\">Download [pdf]<\/a><\/u><\/strong><\/p>\n<ol start=\"4\">\n<li>Auszug aus der polnischen Verfassung vom 2. April 1997<\/li>\n<\/ol>\n<p><strong><u><a href=\"http:\/\/www.bildung.pl\/wp-content\/uploads\/2019\/04\/wycig-z-konstytucji-rp.pdf\">Download [pdf]<\/a><\/u><\/strong><\/p>\n<ol start=\"5\">\n<li>Gesetz vom 6. Januar 2005 \u00fcber nationale und ethnische Minderheiten sowie die Regionalsprache<\/li>\n<\/ol>\n<p><strong><u><a href=\"http:\/\/www.bildung.pl\/wp-content\/uploads\/2026\/03\/D20050141Lj.pdf\">Download [pdf]<\/a><\/u><\/strong><\/p>\n<p>&nbsp;<\/p>\n<p><strong>Alle aktuellen Dokumente, Erl\u00e4uterungen, Fragen und neuesten Informationen finden Sie auf der Bildungsplattform der Deutschen Minderheit unter <a href=\"http:\/\/www.supereule.pl\">www.supereule.pl<\/a><\/strong><\/p>","protected":false},"excerpt":{"rendered":"<p>Nationale und internationale Rechtsakte Auszug aus dem Vertrag zwischen der Bundesrepublik Deutschland und der Republik Polen \u00fcber gute Nachbarschaft und freundschaftliche Zusammenarbeit vom 17. Juni 1991 bez\u00fcglich des Schulwesens. Download [pdf] Europ\u00e4ische Charta der Regional- oder Minderheitensprachen vom 5. November 1992 Download [pdf] Rahmen\u00fcbereinkommen zum Schutz nationaler Minderheiten vom 1. Januar 1995 Download [pdf] Auszug [&hellip;]<\/p>\n","protected":false},"author":1,"featured_media":0,"parent":647,"menu_order":0,"comment_status":"closed","ping_status":"closed","template":"","meta":{"_expiration-date-status":"","_expiration-date":0,"_expiration-date-type":"","_expiration-date-categories":[],"_expiration-date-options":[]},"_links":{"self":[{"href":"http:\/\/www.bildung.pl\/de\/wp-json\/wp\/v2\/pages\/651"}],"collection":[{"href":"http:\/\/www.bildung.pl\/de\/wp-json\/wp\/v2\/pages"}],"about":[{"href":"http:\/\/www.bildung.pl\/de\/wp-json\/wp\/v2\/types\/page"}],"author":[{"embeddable":true,"href":"http:\/\/www.bildung.pl\/de\/wp-json\/wp\/v2\/users\/1"}],"replies":[{"embeddable":true,"href":"http:\/\/www.bildung.pl\/de\/wp-json\/wp\/v2\/comments?post=651"}],"version-history":[{"count":10,"href":"http:\/\/www.bildung.pl\/de\/wp-json\/wp\/v2\/pages\/651\/revisions"}],"predecessor-version":[{"id":3178,"href":"http:\/\/www.bildung.pl\/de\/wp-json\/wp\/v2\/pages\/651\/revisions\/3178"}],"up":[{"embeddable":true,"href":"http:\/\/www.bildung.pl\/de\/wp-json\/wp\/v2\/pages\/647"}],"wp:attachment":[{"href":"http:\/\/www.bildung.pl\/de\/wp-json\/wp\/v2\/media?parent=651"}],"curies":[{"name":"wp","href":"https:\/\/api.w.org\/{rel}","templated":true}]}}